{"id":31634,"date":"2022-05-01T09:52:31","date_gmt":"2022-05-01T09:52:31","guid":{"rendered":"http:\/\/wpautomation.de\/weidmueller-messbrueckenwandler-act20p-bridge-s-ip20-10672500-neu\/"},"modified":"2024-12-02T14:32:05","modified_gmt":"2024-12-02T14:32:05","slug":"weidmueller-messbrueckenwandler-act20p-bridge-s-ip20-10672500-neu","status":"publish","type":"product","link":"https:\/\/wpautomation.de\/en\/weidmueller-messbrueckenwandler-act20p-bridge-s-ip20-10672500-neu\/","title":{"rendered":"Weidm\u00fcller Messbr\u00fcckenwandler ACT20P-BRIDGE-S IP20 10672500, neu"},"content":{"rendered":"<p><font rwr=\"1\" style=\"\"><\/p>\n<div style=\"\"><font face=\"Arial\"><span style=\"font-size: 18.6667px;\">Weidm\u00fcller Messbr\u00fcckenwandler ACT20P-BRIDGE-S IP20 10672500<\/span><\/font><\/div>\n<div style=\"font-family: Arial; font-size: 14pt;\"><span style=\"font-size: 18.6667px;\">Neu in versiegelter Originalverpackung<\/span><\/div>\n<div style=\"font-family: Arial; font-size: 14pt;\"><span style=\"font-size: 18.6667px;\">Insgesamt 10 St\u00fcck verf\u00fcgbar.<\/span><\/div>\n<div style=\"font-family: Arial; font-size: 14pt;\">\n<div style=\"font-family: &quot;Times New Roman&quot;; font-size: medium;\"><font face=\"Arial\"><span style=\"font-size: 18.6667px;\"><br \/><\/span><\/font><\/div>\n<div style=\"font-size: 14pt;\"><span style=\"color: rgb(51, 51, 51); font-family: Arial, Geneva, Helvetica, sans-serif; background-color: rgb(255, 255, 255);\"><font size=\"4\">Verkauf nur an Gewerbetreibende.<\/font><\/span><\/div>\n<div style=\"font-size: 14pt;\"><span style=\"color: rgb(51, 51, 51); font-family: Arial, Geneva, Helvetica, sans-serif; background-color: rgb(255, 255, 255);\"><font size=\"4\">Sie erhalten eine Rechnung mit ausgewiesener Mehrwertsteuer.<\/font><\/span><\/div>\n<\/div>\n<div style=\"font-family: Arial; font-size: 14pt;\"><span style=\"color: rgb(51, 51, 51); font-family: Arial, Geneva, Helvetica, sans-serif; background-color: rgb(255, 255, 255);\"><font size=\"4\"><br \/><\/font><\/span><\/div>\n<div style=\"font-family: Arial; font-size: 14pt;\"><span style=\"color: rgb(51, 51, 51); font-family: Arial, Geneva, Helvetica, sans-serif; background-color: rgb(255, 255, 255);\"><font size=\"4\">Verkauf durch:<\/font><\/span><\/div>\n<p><span style=\"font-family: Calibri, sans-serif; font-size: 11pt; color: rgb(68, 84, 106);\"><br \/><!--[endif]--><\/span><\/p>\n<div style=\"font-family: Arial; font-size: 14pt;\"><span style=\"font-family: Calibri, sans-serif;\"><font size=\"5\" style=\"\"><b style=\"\">WP Automation GmbH&nbsp;<\/b><\/font><\/span><\/div>\n<div style=\"font-family: Arial; font-size: 14pt;\"><span style=\"font-family: Calibri, sans-serif;\"><font size=\"5\" style=\"\"><b style=\"\">Verkauf &#8211; Ankauf &#8211; Reparaturservice&nbsp;<\/b><\/font><\/span><\/div>\n<p><\/font><\/p>","protected":false},"excerpt":{"rendered":"<p>Weidm\u00fcller Messbr\u00fcckenwandler ACT20P-BRIDGE-S IP20 10672500 Neu in versiegelter Originalverpackung Insgesamt 10 St\u00fcck verf\u00fcgbar. Verkauf nur an Gewerbetreibende. Sie erhalten eine Rechnung mit ausgewiesener Mehrwertsteuer. Verkauf durch: WP Automation GmbH&nbsp; Verkauf &#8211; Ankauf &#8211; Reparaturservice&nbsp;<\/p>","protected":false},"featured_media":31635,"comment_status":"closed","ping_status":"closed","template":"","meta":[],"product_cat":[46],"product_tag":[],"class_list":{"0":"post-31634","1":"product","2":"type-product","3":"status-publish","4":"has-post-thumbnail","6":"product_cat-sonstige","8":"first","9":"instock","10":"shipping-taxable","11":"purchasable","12":"product-type-simple"},"_links":{"self":[{"href":"https:\/\/wpautomation.de\/en\/wp-json\/wp\/v2\/product\/31634","targetHints":{"allow":["GET"]}}],"collection":[{"href":"https:\/\/wpautomation.de\/en\/wp-json\/wp\/v2\/product"}],"about":[{"href":"https:\/\/wpautomation.de\/en\/wp-json\/wp\/v2\/types\/product"}],"replies":[{"embeddable":true,"href":"https:\/\/wpautomation.de\/en\/wp-json\/wp\/v2\/comments?post=31634"}],"wp:featuredmedia":[{"embeddable":true,"href":"https:\/\/wpautomation.de\/en\/wp-json\/wp\/v2\/media\/31635"}],"wp:attachment":[{"href":"https:\/\/wpautomation.de\/en\/wp-json\/wp\/v2\/media?parent=31634"}],"wp:term":[{"taxonomy":"product_cat","embeddable":true,"href":"https:\/\/wpautomation.de\/en\/wp-json\/wp\/v2\/product_cat?post=31634"},{"taxonomy":"product_tag","embeddable":true,"href":"https:\/\/wpautomation.de\/en\/wp-json\/wp\/v2\/product_tag?post=31634"}],"curies":[{"name":"wp","href":"https:\/\/api.w.org\/{rel}","templated":true}]}}