{"id":28998,"date":"2023-10-09T06:42:24","date_gmt":"2023-10-09T06:42:24","guid":{"rendered":"http:\/\/wpautomation.de\/siemens-6es7135-6gb00-0ba1-neu-versiegelt\/"},"modified":"2024-12-02T13:21:35","modified_gmt":"2024-12-02T13:21:35","slug":"siemens-6es7135-6gb00-0ba1-neu-versiegelt","status":"publish","type":"product","link":"https:\/\/wpautomation.de\/en\/siemens-6es7135-6gb00-0ba1-neu-versiegelt\/","title":{"rendered":"Siemens 6ES7135-6GB00-0BA1  Neu Versiegelt"},"content":{"rendered":"<p><font rwr=\"1\" style=\"\"><\/p>\n<div style=\"\">\n<ul style=\"\">\n<div style=\"text-align: left;\"><font face=\"Arial, sans-serif\"><span style=\"font-size: 18.6667px;\"><b>Siemens&nbsp;<\/b><\/span><\/font><b style=\"font-size: 18.6667px; font-family: Arial, sans-serif;\">6ES7135-6GB00-0BA1<\/b><\/div>\n<div style=\"text-align: left;\"><font face=\"Arial, sans-serif\"><span style=\"font-size: 18.6667px;\"><b>Analog output Module Simatic ET 200SP<\/b><\/span><\/font><\/div>\n<div style=\"font-family: Arial; font-size: 14pt; text-align: left;\"><font face=\"Arial, sans-serif\"><span style=\"font-size: 18.6667px;\"><b><br \/><\/b><\/span><\/font><\/div>\n<li><font face=\"Arial\" style=\"font-family: Arial; font-size: 14pt;\">Neu, Versiegelt&nbsp; \/&nbsp;<\/font><font color=\"#002cfd\" face=\"Arial\"><span style=\"font-size: 18.6667px;\">New, sealed<\/span><\/font><\/li>\n<li><span style=\"font-size: 14pt; font-family: Arial, sans-serif;\">12 Monate&nbsp;<\/span><span style=\"font-family: Arial; font-size: 14pt;\">Garantie \/ 12<\/span><font color=\"#002cfd\" style=\"font-family: Arial; font-size: 14pt;\">&nbsp;months guarantee<\/font><\/li>\n<\/ul>\n<ul style=\"\">\n<div style=\"font-family: &quot;Times New Roman&quot;;\">\n<div><font face=\"Arial\" size=\"4\"><b>!!BITTE BEACHTEN!! Neue, originalverpackte\/versiegelte Waren sind vom 14-t\u00e4gigen R\u00fcckgaberecht ausgeschlossen, wenn diese ge\u00f6ffnet wurden!<\/b><\/font><\/div>\n<div><font face=\"Arial\" size=\"4\"><b>!!PLEASE NOTE!! New, originally packed\/sealed goods are excluded from the 14-day right of return if they have been opened!<\/b><\/font><\/div>\n<\/div>\n<\/ul>\n<div style=\"font-family: Arial; font-size: 14pt;\"><\/div>\n<div style=\"font-family: Arial; font-size: 14pt;\"><\/div>\n<p class=\"MsoNormal\" style=\"font-family: Arial; font-size: 14pt; margin-bottom: 0cm; line-height: normal;\"><span style=\"font-size: 14pt; font-family: Arial, sans-serif;\">&nbsp;<\/span><\/p>\n<p class=\"MsoNormal\" style=\"font-family: Arial; font-size: 14pt; margin-bottom: 0cm; line-height: normal;\"><b><span style=\"font-size: 14pt; font-family: Arial, sans-serif;\">Verkauf nur an Gewerbetreibende.<\/span><\/b><\/p>\n<p class=\"MsoNormal\" style=\"font-family: Arial; font-size: 14pt; margin-bottom: 0cm; line-height: normal;\"><span style=\"font-family: Arial, sans-serif; font-size: 14pt;\">Wir versenden eine Rechnung mit ausgewiesener Mehrwertsteuer.<\/span><\/p>\n<p class=\"MsoNormal\" style=\"font-family: Arial; font-size: 14pt; margin-bottom: 0cm; line-height: normal;\"><span style=\"font-size: 14pt; font-family: Arial, sans-serif; color: rgb(251, 0, 52);\">Expressversand&nbsp;<\/span><span style=\"font-size: 14pt; font-family: Arial, sans-serif;\">innerhalb Deutschland und EU&nbsp;<span style=\"color: rgb(255, 0, 16);\">auf Anfrage<\/span>.&nbsp;<\/span><\/p>\n<p class=\"MsoNormal\" style=\"font-family: Arial; font-size: 14pt; margin-bottom: 0cm; line-height: normal;\"><span style=\"font-size: 14pt; font-family: Arial, sans-serif;\">&nbsp;<\/span><\/p>\n<p class=\"MsoNormal\" style=\"font-family: Arial; font-size: 14pt; margin-bottom: 0cm; line-height: normal;\"><span style=\"font-size: 14pt; font-family: Arial, sans-serif; color: rgb(0, 44, 253);\">All prices are with German 19% VAT. If you are company in EU: Please contact us in advance for price without VAT.&nbsp;<\/span><span style=\"font-size: 12pt; font-family: Arial, sans-serif;\"><o:p><\/o:p><\/span><\/p>\n<p class=\"MsoNormal\" style=\"font-family: Arial; font-size: 14pt; margin-bottom: 0cm; line-height: normal;\"><span style=\"font-size: 14pt; font-family: Arial, sans-serif; color: rgb(0, 44, 253);\">You will have to provide your VAT number.&nbsp;VAT refund after purchase is&nbsp;<\/span><span style=\"font-size: 14pt; font-family: Arial, sans-serif; color: rgb(255, 0, 16);\">NOT&nbsp;<\/span><span style=\"font-size: 14pt; font-family: Arial, sans-serif; color: rgb(0, 44, 253);\">possible<\/span><span style=\"font-size: 14pt; font-family: Arial, sans-serif; color: rgb(255, 0, 16);\">.&nbsp;<\/span><span style=\"font-size: 12pt; font-family: Arial, sans-serif;\"><o:p><\/o:p><\/span><\/p>\n<p class=\"MsoNormal\" style=\"font-family: Arial; font-size: 14pt; margin-bottom: 0cm; line-height: normal;\"><span style=\"font-size: 14pt; font-family: Arial, sans-serif;\">&nbsp;<\/span><\/p>\n<p class=\"MsoNormal\" style=\"font-family: Arial; font-size: 14pt; margin-bottom: 0cm; line-height: normal;\"><font color=\"#2e6b31\"><span style=\"font-size: 14pt; font-family: Arial, sans-serif;\">International Express Shipping on request or we can ship on <u>your <\/u>UPS\/FedEx account.&nbsp;<\/span><\/font><\/p>\n<p class=\"MsoNormal\" style=\"font-family: Arial; font-size: 14pt; margin-bottom: 0cm; line-height: normal;\"><span style=\"color: rgb(46, 107, 49); font-size: 14pt; font-family: Arial, sans-serif;\">Import duties, taxes, charges are&nbsp;<\/span><span style=\"font-size: 14pt; font-family: Arial, sans-serif;\"><font color=\"#ff0010\">NOT&nbsp;<\/font><\/span><span style=\"color: rgb(46, 107, 49); font-size: 14pt; font-family: Arial, sans-serif;\">included in the item price or shipping costs. These charges are buyers responsibility.&nbsp;<\/span><\/p>\n<p class=\"MsoNormal\" style=\"font-family: Arial; font-size: 14pt; margin-bottom: 0cm; line-height: normal;\"><span style=\"font-size: 14pt; font-family: Arial, sans-serif;\">&nbsp;<\/span><\/p>\n<p class=\"MsoNormal\" style=\"font-family: Arial; font-size: 14pt; margin-bottom: 0cm; line-height: normal;\"><span style=\"font-size: 14pt; font-family: Arial, sans-serif;\">Verkauf durch:<o:p><\/o:p><\/span><\/p>\n<p class=\"MsoNormal\" style=\"font-family: Arial; font-size: 14pt; margin-bottom: 0cm; line-height: normal;\"><span style=\"font-size: 14pt; font-family: Arial, sans-serif;\">WP Automation GmbH&nbsp;<o:p><\/o:p><\/span><\/p>\n<p class=\"MsoNormal\" style=\"font-family: Arial; font-size: 14pt; margin-bottom: 0cm; line-height: normal;\"><span style=\"font-size: 14pt; font-family: Arial, sans-serif;\">Verkauf &#8211; Ankauf &#8211; Reparaturservice&nbsp;<o:p><\/o:p><\/span><\/p>\n<p class=\"MsoNormal\" style=\"font-family: Arial; font-size: 14pt; margin-bottom: 0cm; line-height: normal;\"><span style=\"font-size: 12pt; font-family: Arial, sans-serif;\">Sie sind Gewerblich oder Privat und Sie haben etwas zu verkaufen? Wir kaufen an! Wir kaufen st\u00e4ndig neue und gebrauchte elektronische Bauteile aus Lageraufl\u00f6sungen&nbsp;oder Demontagen an. Rufen Sie uns einfach an oder schreiben Sie uns eine mail!&nbsp;<\/span><span style=\"font-size: 12pt; font-family: &quot;Times New Roman&quot;, serif;\"><o:p><\/o:p><\/span><\/p>\n<p class=\"MsoNormal\" style=\"font-family: Arial; font-size: medium; margin-bottom: 0cm; line-height: normal;\"><span style=\"font-family: Arial, sans-serif;\">You are commercial or private person and you have something to sell? We buy! We constantly buy new and used electronic components from storage liquidations or dismantling. Just give us a call or send us an email!<\/span><span style=\"font-size: 12pt; font-family: &quot;Times New Roman&quot;, serif;\"><o:p><\/o:p><\/span><\/p>\n<div style=\"font-family: Arial; font-size: 14pt;\"><span style=\"font-family: Arial, sans-serif;\"><br \/><\/span><\/div>\n<\/div>\n<p><\/font><\/p>","protected":false},"excerpt":{"rendered":"<p>Siemens&nbsp;6ES7135-6GB00-0BA1 Analog output Module Simatic ET 200SP Neu, Versiegelt&nbsp; \/&nbsp;New, sealed 12 Monate&nbsp;Garantie \/ 12&nbsp;months guarantee !!BITTE BEACHTEN!! Neue, originalverpackte\/versiegelte Waren sind vom 14-t\u00e4gigen R\u00fcckgaberecht ausgeschlossen, wenn diese ge\u00f6ffnet wurden! !!PLEASE NOTE!! New, originally packed\/sealed goods are excluded from the 14-day right of return if they have been opened! &nbsp; Verkauf nur an Gewerbetreibende. Wir [&hellip;]<\/p>","protected":false},"featured_media":28999,"comment_status":"closed","ping_status":"closed","template":"","meta":[],"product_cat":[46],"product_tag":[],"class_list":{"0":"post-28998","1":"product","2":"type-product","3":"status-publish","4":"has-post-thumbnail","6":"product_cat-sonstige","8":"first","9":"instock","10":"shipping-taxable","11":"purchasable","12":"product-type-simple"},"_links":{"self":[{"href":"https:\/\/wpautomation.de\/en\/wp-json\/wp\/v2\/product\/28998","targetHints":{"allow":["GET"]}}],"collection":[{"href":"https:\/\/wpautomation.de\/en\/wp-json\/wp\/v2\/product"}],"about":[{"href":"https:\/\/wpautomation.de\/en\/wp-json\/wp\/v2\/types\/product"}],"replies":[{"embeddable":true,"href":"https:\/\/wpautomation.de\/en\/wp-json\/wp\/v2\/comments?post=28998"}],"wp:featuredmedia":[{"embeddable":true,"href":"https:\/\/wpautomation.de\/en\/wp-json\/wp\/v2\/media\/28999"}],"wp:attachment":[{"href":"https:\/\/wpautomation.de\/en\/wp-json\/wp\/v2\/media?parent=28998"}],"wp:term":[{"taxonomy":"product_cat","embeddable":true,"href":"https:\/\/wpautomation.de\/en\/wp-json\/wp\/v2\/product_cat?post=28998"},{"taxonomy":"product_tag","embeddable":true,"href":"https:\/\/wpautomation.de\/en\/wp-json\/wp\/v2\/product_tag?post=28998"}],"curies":[{"name":"wp","href":"https:\/\/api.w.org\/{rel}","templated":true}]}}